{"id":68558,"date":"2016-04-25T00:00:25","date_gmt":"2016-04-24T22:00:25","guid":{"rendered":"https:\/\/www.stormexhausts.com\/cookie-policy\/"},"modified":"2019-05-22T16:49:56","modified_gmt":"2019-05-22T14:49:56","slug":"politica-de-cookies","status":"publish","type":"page","link":"https:\/\/www.stormexhausts.com\/es\/politica-de-cookies\/","title":{"rendered":"Pol\u00edtica de Cookies"},"content":{"rendered":"<p>La presente informaci\u00f3n, o \u201cPol\u00edtica de cookies\u201d, tiene el fin espec\u00edfico de mostrar los tipos, las modalidades de uso, y adem\u00e1s, de proporcionar indicaciones sobre las acciones para rechazar o eliminar las cookies presentes en este sitio web.<\/p>\n<h2>Qu\u00e9 son las cookies?<\/h2>\n<p>Las cookies son peque\u00f1os archivos de texto que son salvados en tu dispositivo electr\u00f3nico (ordenador, smartphone, tableta, etc.) mientras navegas por un sitio web. Luego, las cookies son enviadas de vuelta al sitio web original durante cada posterior navegaci\u00f3n o se env\u00edan a un sitio web diferente que puede reconocer esa cookie espec\u00edfica. Las cookies act\u00faan como una memoria para un sitio web, permitiendo que el sitio web reconozca tu dispositivo en cada posterior visita a ese mismo sitio.<\/p>\n<h2>Tipos de cookies presentes en el sitio<\/h2>\n<p>Este sitio utiliza los siguientes tipos de cookies:<\/p>\n<ul>\n<li>cookies \u201ct\u00e9cnicas\u201d de sesi\u00f3n<\/li>\n<li>cookies de terceros<\/li>\n<\/ul>\n<h3>Cookies \u201ct\u00e9cnicas\u201d de sesi\u00f3n<\/h3>\n<p>Este sitio utiliza cookies t\u00e9cnicas de sesi\u00f3n que se utilizan con una duraci\u00f3n igual a la de cada sesi\u00f3n de navegaci\u00f3n y, por lo tanto, caducan cuando se cierra la sesi\u00f3n del navegador. Se definen como cookies t\u00e9cnicas y no es necesario que los usuarios den el consentimiento para su uso. El uso est\u00e1 estrictamente limitado a la transmisi\u00f3n de identificadores de sesi\u00f3n, necesarios para permitir la exploraci\u00f3n segura y eficiente del sitio. Hay una cookie para registrar opciones relacionadas con las cookies.<\/p>\n<h3>Cookies de terceros<\/h3>\n<p>Este sitio web presenta tambi\u00e9n cookies de terceros. Estas cookies se pueden desactivar sin que haya ninguna consecuencia respecto a la navegaci\u00f3n del sitio.<\/p>\n<h4>Google Analytics<\/h4>\n<p>El presente sitio web utiliza el servicio Google Analytics de la sociedad Google, Inc. (a continuaci\u00f3n, \u201cGoogle\u201d) para la producci\u00f3n de estad\u00edsticas sobre el uso del sitio.<\/p>\n<p>Las cookie producidas por Google Analytics y utilizadas en este sitio se asimilan a las cookies \u00abt\u00e9cnicas\u00bb, seg\u00fan cuanto aclarado por el Garante para la protecci\u00f3n de datos personales (ver <a href=\"https:\/\/www.garanteprivacy.it\/web\/guest\/home\/docweb\/-\/docweb-display\/docweb\/4006878\" target=\"_blank\" rel=\"noopener noreferrer\">https:\/\/www.garanteprivacy.it\/web\/guest\/home\/docweb\/-\/docweb-display\/docweb\/4006878<\/a>), gracias a la anonimizaci\u00f3n (enmascaramiento) de la direcci\u00f3n IP (para m\u00e1s informaci\u00f3n:\u00a0<a href=\"https:\/\/support.google.com\/analytics\/answer\/2763052\" target=\"_blank\" rel=\"noopener noreferrer\">https:\/\/support.google.com\/analytics\/answer\/2763052<\/a>). Adem\u00e1s los datos recogidos se utilizan exclusivamente para proporcionar el servicio de estad\u00edsticas y no son \u201cenriquecidos\u201d o \u201ccruzados\u201d con otros datos de los que ya dispone Google.<\/p>\n<p>Para consultar la informaci\u00f3n sobre privacidad de Google relativa al servicio Google Analytics:\u00a0<a href=\"https:\/\/support.google.com\/analytics\/topic\/2919631\" target=\"_blank\" rel=\"noopener noreferrer\">https:\/\/support.google.com\/analytics\/topic\/2919631<\/a><br \/>\nPara consultar la informaci\u00f3n sobre privacidad de Google: <a href=\"https:\/\/www.google.com\/policies\/privacy\/\" target=\"_blank\" rel=\"noopener noreferrer\">https:\/\/www.google.com\/policies\/privacy\/<\/a><\/p>\n<p>Para m\u00e1s informaci\u00f3n sobre las cookies utilizadas por Google Analytics: <a href=\"https:\/\/developers.google.com\/analytics\/devguides\/collection\/analyticsjs\/cookie-usage\" target=\"_blank\" rel=\"noopener noreferrer\">https:\/\/developers.google.com\/analytics\/devguides\/collection\/analyticsjs\/cookie-usage<\/a><\/p>\n<p>El usuario puede desactivar el c\u00f3digo JavaScript de Google Analytics instalando en su navegador el componente de opt-out proporcionado por Google. Para desactivar la acci\u00f3n de Google Analytics enviamos al siguiente enlace: <a href=\"https:\/\/tools.google.com\/dlpage\/gaoptout\" target=\"_blank\" rel=\"noopener noreferrer\">https:\/\/tools.google.com\/dlpage\/gaoptout<\/a><\/p>\n<h4>Google Maps<\/h4>\n<p>El presente sitio web utiliza el servicio Google Maps de la sociedad Google para la visualizaci\u00f3n de  mapas interactivos. Durante la visualizaci\u00f3n de una p\u00e1gina que contiene mapas de Google Maps se configuran algunas cookies.<\/p>\n<p>Para consultar la informaci\u00f3n sobre privacidad de Google:\u00a0<a href=\"https:\/\/www.google.com\/policies\/privacy\/\" target=\"_blank\" rel=\"noopener noreferrer\">https:\/\/www.google.com\/policies\/privacy\/<\/a><br \/>\nPara m\u00e1s informaci\u00f3n sobre las cookies utilizadas por Google:\u00a0<a href=\"https:\/\/www.google.com\/policies\/technologies\/types\/\" target=\"_blank\" rel=\"noopener noreferrer\">https:\/\/www.google.com\/policies\/technologies\/types\/<\/a><\/p>\n<h2>Como desactivar las cookies (opt-out)<\/h2>\n<p>Es posible negar el consentimiento al uso de cookies seleccionando la configuraci\u00f3n adecuada en su navegador: la navegaci\u00f3n no autenticada en este sitio estar\u00e1 de todos modos disponible en todas sus funciones. A continuaci\u00f3n, proporcionamos los enlaces que explican c\u00f3mo desactivar las cookies en los principales navegadores:<\/p>\n<ul>\n<li>Internet Explorer: <a href=\"https:\/\/support.microsoft.com\/en-us\/help\/17442\/windows-internet-explorer-delete-manage-cookies\" target=\"_blank\" rel=\"noopener noreferrer\">https:\/\/support.microsoft.com\/en-us\/help\/17442\/windows-internet-explorer-delete-manage-cookies<\/a><\/li>\n<li>Google Chrome: <a href=\"https:\/\/support.google.com\/chrome\/answer\/95647\" target=\"_blank\" rel=\"noopener noreferrer\">https:\/\/support.google.com\/chrome\/answer\/95647<\/a><\/li>\n<li>Mozilla Firefox:\u00a0<a href=\"https:\/\/support.mozilla.org\/en-US\/kb\/block-websites-storing-site-preferences\">https:\/\/support.mozilla.org\/en-US\/kb\/block-websites-storing-site-preferences<\/a><\/li>\n<li>Apple Safari para macOS:\u00a0<a href=\"https:\/\/support.apple.com\/guide\/safari\/manage-cookies-and-website-data-sfri11471\/mac\">https:\/\/support.apple.com\/guide\/safari\/manage-cookies-and-website-data-sfri11471\/mac<\/a><\/li>\n<li>Apple Safari para iPhone, iPad, iPod touch: <a href=\"https:\/\/support.apple.com\/en-us\/HT201265\" target=\"_blank\" rel=\"noopener noreferrer\">https:\/\/support.apple.com\/en-us\/HT201265<\/a><\/li>\n<li>Opera: <a href=\"http:\/\/help.opera.com\/opera\/Windows\/2256\/en\/controlPages.html#manageCookies\" target=\"_blank\" rel=\"noopener noreferrer\">http:\/\/help.opera.com\/opera\/Windows\/2256\/en\/controlPages.html#manageCookies<\/a><\/li>\n<\/ul>\n<p>En caso de utilizar un navegador diferente aconsejamos buscar la gu\u00eda para la desactivaci\u00f3n de las cookies en el sitio del productor o consultar\u00a0<a href=\"http:\/\/www.allaboutcookies.org\/manage-cookies\/clear-cookies-installed.html\" target=\"_blank\" rel=\"noopener noreferrer\">http:\/\/www.allaboutcookies.org\/manage-cookies\/clear-cookies-installed.html<\/a> (sitio en ingl\u00e9s).<\/p>\n<p>Los sitios siguentes proporcionan instrumentos de opt-out globales:<\/p>\n<ul>\n<li>Digital Advertising Alliance (DAA): <a href=\"http:\/\/www.aboutads.info\/choices\/\" target=\"_blank\" rel=\"noopener noreferrer\">http:\/\/www.aboutads.info\/choices\/<\/a><\/li>\n<li>Network Advertising Initiative (NAI): <a href=\"http:\/\/www.networkadvertising.org\/choices\/\" target=\"_blank\" rel=\"noopener noreferrer\">http:\/\/www.networkadvertising.org\/choices\/<\/a><\/li>\n<li>European Interactive Digital Adverting Alliance (EDAA): <a href=\"http:\/\/www.youronlinechoices.eu\/\" target=\"_blank\" rel=\"noopener noreferrer\">http:\/\/www.youronlinechoices.eu\/<\/a> y <a href=\"http:\/\/www.edaa.eu\/\" target=\"_blank\" rel=\"noopener noreferrer\">http:\/\/www.edaa.eu\/<\/a><\/li>\n<\/ul>\n<p>Como alternativa, es posible desactivar solo las cookies de Google Analytics, utilizando el componente adicional de opt-out que proporciona Google para los principales navegadores:\u00a0<a href=\"https:\/\/tools.google.com\/dlpage\/gaoptout\" target=\"_blank\" rel=\"noopener noreferrer\">https:\/\/tools.google.com\/dlpage\/gaoptout<\/a><\/p>\n<h2>Para m\u00e1s informaci\u00f3n<\/h2>\n<p>La disposici\u00f3n del Garante de la Privacidad del 8 de mayo de 2014, \u00abIdentificaci\u00f3n de las modalidades simplificadas para la informaci\u00f3n y adquisici\u00f3n del consentimiento para el uso de las cookies\u00bb, publicada en el Bolet\u00edn Oficial n\u00b0 126 del 3 de junio de 2014, se puede consultar en el siguiente enlace:\u00a0<a href=\"https:\/\/www.garanteprivacy.it\/web\/guest\/home\/docweb\/-\/docweb-display\/docweb\/3118884\" target=\"_blank\" rel=\"noopener noreferrer\">https:\/\/www.garanteprivacy.it\/web\/guest\/home\/docweb\/-\/docweb-display\/docweb\/3118884<\/a><\/p>\n<p>Visita <a href=\"http:\/\/www.youronlinechoices.com\" target=\"_blank\" rel=\"noopener noreferrer\">http:\/\/www.youronlinechoices.com<\/a> o <a href=\"http:\/\/www.allaboutcookies.org\" target=\"_blank\" rel=\"noopener noreferrer\">http:\/\/www.allaboutcookies.org<\/a> para obtener otras informaciones sobre las cookies y sobre como influencian tu experiencia de navegaci\u00f3n.<\/p>\n","protected":false},"excerpt":{"rendered":"<p>La presente informaci\u00f3n, o \u201cPol\u00edtica de cookies\u201d, tiene el fin espec\u00edfico de mostrar los tipos, las modalidades de uso, y adem\u00e1s, de proporcionar indicaciones sobre las acciones para rechazar o eliminar las cookies presentes en este sitio web. Qu\u00e9 son las cookies? Las cookies son peque\u00f1os archivos de texto que son salvados en tu dispositivo [&hellip;]<\/p>\n","protected":false},"author":4,"featured_media":0,"parent":0,"menu_order":47,"comment_status":"closed","ping_status":"closed","template":"","meta":[],"acf":[],"yoast_head":"<!-- This site is optimized with the Yoast SEO plugin v20.7 - https:\/\/yoast.com\/wordpress\/plugins\/seo\/ -->\n<title>Pol\u00edtica de Cookies - Storm exhausts<\/title>\n<meta name=\"robots\" content=\"noindex, follow\" \/>\n<meta property=\"og:locale\" content=\"es_ES\" \/>\n<meta property=\"og:type\" content=\"article\" \/>\n<meta property=\"og:title\" content=\"Pol\u00edtica de Cookies - Storm exhausts\" \/>\n<meta property=\"og:description\" content=\"La presente informaci\u00f3n, o \u201cPol\u00edtica de cookies\u201d, tiene el fin espec\u00edfico de mostrar los tipos, las modalidades de uso, y adem\u00e1s, de proporcionar indicaciones sobre las acciones para rechazar o eliminar las cookies presentes en este sitio web. Qu\u00e9 son las cookies? Las cookies son peque\u00f1os archivos de texto que son salvados en tu dispositivo [&hellip;]\" \/>\n<meta property=\"og:url\" content=\"https:\/\/www.stormexhausts.com\/es\/politica-de-cookies\/\" \/>\n<meta property=\"og:site_name\" content=\"Storm exhausts\" \/>\n<meta property=\"article:modified_time\" content=\"2019-05-22T14:49:56+00:00\" \/>\n<meta name=\"twitter:card\" content=\"summary_large_image\" \/>\n<meta name=\"twitter:label1\" content=\"Tiempo de lectura\" \/>\n\t<meta name=\"twitter:data1\" content=\"4 minutos\" \/>\n<script type=\"application\/ld+json\" class=\"yoast-schema-graph\">{\"@context\":\"https:\/\/schema.org\",\"@graph\":[{\"@type\":\"WebPage\",\"@id\":\"https:\/\/www.stormexhausts.com\/es\/politica-de-cookies\/\",\"url\":\"https:\/\/www.stormexhausts.com\/es\/politica-de-cookies\/\",\"name\":\"Pol\u00edtica de Cookies - Storm exhausts\",\"isPartOf\":{\"@id\":\"https:\/\/www.stormexhausts.com\/es\/#website\"},\"datePublished\":\"2016-04-24T22:00:25+00:00\",\"dateModified\":\"2019-05-22T14:49:56+00:00\",\"inLanguage\":\"es\",\"potentialAction\":[{\"@type\":\"ReadAction\",\"target\":[\"https:\/\/www.stormexhausts.com\/es\/politica-de-cookies\/\"]}]},{\"@type\":\"WebSite\",\"@id\":\"https:\/\/www.stormexhausts.com\/es\/#website\",\"url\":\"https:\/\/www.stormexhausts.com\/es\/\",\"name\":\"Storm exhausts\",\"description\":\"\",\"potentialAction\":[{\"@type\":\"SearchAction\",\"target\":{\"@type\":\"EntryPoint\",\"urlTemplate\":\"https:\/\/www.stormexhausts.com\/es\/?s={search_term_string}\"},\"query-input\":\"required name=search_term_string\"}],\"inLanguage\":\"es\"}]}<\/script>\n<!-- \/ Yoast SEO plugin. -->","yoast_head_json":{"title":"Pol\u00edtica de Cookies - Storm exhausts","robots":{"index":"noindex","follow":"follow"},"og_locale":"es_ES","og_type":"article","og_title":"Pol\u00edtica de Cookies - Storm exhausts","og_description":"La presente informaci\u00f3n, o \u201cPol\u00edtica de cookies\u201d, tiene el fin espec\u00edfico de mostrar los tipos, las modalidades de uso, y adem\u00e1s, de proporcionar indicaciones sobre las acciones para rechazar o eliminar las cookies presentes en este sitio web. Qu\u00e9 son las cookies? Las cookies son peque\u00f1os archivos de texto que son salvados en tu dispositivo [&hellip;]","og_url":"https:\/\/www.stormexhausts.com\/es\/politica-de-cookies\/","og_site_name":"Storm exhausts","article_modified_time":"2019-05-22T14:49:56+00:00","twitter_card":"summary_large_image","twitter_misc":{"Tiempo de lectura":"4 minutos"},"schema":{"@context":"https:\/\/schema.org","@graph":[{"@type":"WebPage","@id":"https:\/\/www.stormexhausts.com\/es\/politica-de-cookies\/","url":"https:\/\/www.stormexhausts.com\/es\/politica-de-cookies\/","name":"Pol\u00edtica de Cookies - Storm exhausts","isPartOf":{"@id":"https:\/\/www.stormexhausts.com\/es\/#website"},"datePublished":"2016-04-24T22:00:25+00:00","dateModified":"2019-05-22T14:49:56+00:00","inLanguage":"es","potentialAction":[{"@type":"ReadAction","target":["https:\/\/www.stormexhausts.com\/es\/politica-de-cookies\/"]}]},{"@type":"WebSite","@id":"https:\/\/www.stormexhausts.com\/es\/#website","url":"https:\/\/www.stormexhausts.com\/es\/","name":"Storm exhausts","description":"","potentialAction":[{"@type":"SearchAction","target":{"@type":"EntryPoint","urlTemplate":"https:\/\/www.stormexhausts.com\/es\/?s={search_term_string}"},"query-input":"required name=search_term_string"}],"inLanguage":"es"}]}},"_links":{"self":[{"href":"https:\/\/www.stormexhausts.com\/es\/wp-json\/wp\/v2\/pages\/68558"}],"collection":[{"href":"https:\/\/www.stormexhausts.com\/es\/wp-json\/wp\/v2\/pages"}],"about":[{"href":"https:\/\/www.stormexhausts.com\/es\/wp-json\/wp\/v2\/types\/page"}],"author":[{"embeddable":true,"href":"https:\/\/www.stormexhausts.com\/es\/wp-json\/wp\/v2\/users\/4"}],"replies":[{"embeddable":true,"href":"https:\/\/www.stormexhausts.com\/es\/wp-json\/wp\/v2\/comments?post=68558"}],"version-history":[{"count":0,"href":"https:\/\/www.stormexhausts.com\/es\/wp-json\/wp\/v2\/pages\/68558\/revisions"}],"wp:attachment":[{"href":"https:\/\/www.stormexhausts.com\/es\/wp-json\/wp\/v2\/media?parent=68558"}],"curies":[{"name":"wp","href":"https:\/\/api.w.org\/{rel}","templated":true}]}}