{"id":68557,"date":"2016-04-25T00:08:14","date_gmt":"2016-04-24T22:08:14","guid":{"rendered":"https:\/\/www.stormexhausts.com\/privacy-policy\/"},"modified":"2019-05-22T16:21:48","modified_gmt":"2019-05-22T14:21:48","slug":"politica-de-privacidad","status":"publish","type":"page","link":"https:\/\/www.stormexhausts.com\/es\/politica-de-privacidad\/","title":{"rendered":"Pol\u00edtica de privacidad"},"content":{"rendered":"<h2>Pol\u00edtica de Privacidad conforme al Reglamento General  relativo a la Protecci\u00f3n de Datos (Reg. 2016\/679 de la UE)<\/h2>\n<h3>Responsable del Tratamiento de los Datos<\/h3>\n<p>M.I.V.V. METAL INDUSTRIA VAL VIBRATA S.P.A., con sede en Zona Industrial \u2013 64027 Sant\u2019Omero (TE), correo electr\u00f3nico <a href=\"mailto:info@mivv.it\"><strong>info@mivv.it<\/strong><\/a>, a continuaci\u00f3n \u201cM.I.V.V.\u201d o \u201cResponsable\u201d, en calidad de responsable del tratamiento de los datos Le informa de cuanto a continuaci\u00f3n sobre el tratamiento de Sus datos personales, de conformidad con el art. 13 del Reglamento 2016\/679 de la UE.<\/p>\n<h3>Tipo de datos recogidos y naturaleza obligatoria o opcional para proporcionarlos<\/h3>\n<p>El sitio web <strong>https:\/\/www.stormexhausts.com<\/strong> recoge datos personales que Le conciernen. Los datos personales recogidos por este sitio web, autonomamente o por medio de terceros, son: nombre, apellidos, fecha de nacimiento, domicilio de residencia, tel\u00e9fono, correo electr\u00f3nico, cookies, datos de uso y direcciones IP.<br \/>\nLos datos personales son proporcionados libremente por Usted. Sin embargo, en el caso de los fines a) y b) que se describen a continuaci\u00f3n, su negativa a comunicar sus datos personales puede imposibilitar la prestaci\u00f3n de los servicios solicitados por Usted. A menos que se indique lo contrario, todos los datos solicitados por este sitio web son necesarios para la prestaci\u00f3n de servicios. En los casos en que este sitio web indique algunos datos como opcionales, Usted puede abstenerse de comunicar dichos datos, sin que esto tenga ninguna consecuencia en lo que respecta a la disponibilidad del servicio o su funcionamiento.<\/p>\n<h3>Modalidad y lugar del tratamiento<\/h3>\n<h4>Modalidad de tratamiento<\/h4>\n<p>El Responsable toma las medidas de seguridad adecuadas para impedir el acceso, divulgaci\u00f3n, modificaci\u00f3n o destrucci\u00f3n no autorizados de sus datos personales.<br \/>\nEl tratamiento de los datos se realiza utilizando papel, ordenadores e\/o instrumentos telem\u00e1ticos, con m\u00e9todos y  l\u00f3gicas de organizaci\u00f3n estrictamente relacionados con los fines indicados. Los datos se tratar\u00e1n utilizando herramientas y\/o m\u00e9todos dise\u00f1ados para garantizar la confidencialidad y la seguridad de los datos, de conformidad con los principios indicados en el art. 5 del Reglamento 2016\/679 de la UE.<br \/>\nAdem\u00e1s del Responsable del tratamiento de datos, en algunos casos, pueden tener acceso a los datos otros sujetos autorizados (personal administrativo, comercial, de marketing, administradores de sistemas, etc.) o el personal de mantenimiento externo o interno del sitio, designados donde sea necesario como Encargados de tratamiento de datos externos de conformidad con el art. 28 del Reglamento 2016\/679 de la UE. La lista actualizada de Encargados de tratamiento de datos externos se puede solicitar siempre al Responsable del tratamiento de datos.<\/p>\n<h4>Lugar<\/h4>\n<p>Sus datos son tratados en las sedes operativas del Responsable de los datos y en cualquier otro lugar donde se encuentren las partes involucradas en el tratamiento. Los datos personales son manejados solo por personal t\u00e9cnico o por personal autorizado para el tratamiento de los datos.<\/p>\n<h3>Finalidad del tratamiento<\/h3>\n<p>Sus datos personales se recogen para permitir que el Responsable proporcione servicios con los siguientes fines:<br \/>\na) contactar con el usuario despu\u00e9s de una solicitud de informaci\u00f3n (\u201cHabla con Storm\u201d);<br \/>\nb) acceder a servicios en l\u00ednea (e-commerce, garant\u00eda online);<br \/>\nc) realizar actividades relacionadas con o instrumentales para el uso de este sitio web (cookies t\u00e9cnicas);<br \/>\nd) env\u00edo de material promocional e informaci\u00f3n comercial (correos electr\u00f3nicos, newsletter, etc..). <\/p>\n<h3>Bases jur\u00eddicas del tratamiento<\/h3>\n<p>Sus datos personales son tratados:<br \/>\npara las finalidades mencionadas en los puntos a) y b) para los fines de la ejecuci\u00f3n de un contrato en el que el interesado es parte o para la aplicaci\u00f3n a petici\u00f3n de \u00e9ste de medidas precontractuales (Art\u00edculo 6, p\u00e1rrafo 1, letra b) del Reglamento 2016\/679 de la UE).<br \/>\nPara las finalidades mencionadas en el punto c) sobre la base de nuestro inter\u00e9s leg\u00edtimo para garantizar el correcto funcionamiento de nuestro sitio web (art\u00edculo 6, p\u00e1rrafo 1, letra f) del Reglamento 2016\/679 de la UE).<br \/>\nPara las finalidades mencionadas en el punto d) sobre la base de su consentimiento conforme al art. 6, p\u00e1rrafo 1, lett. a) del Reglamento 2016\/679 de la UE.<\/p>\n<h3>Conservaci\u00f3n de los datos personales<\/h3>\n<p>Los datos se tratan y almacenan durante el tiempo requerido para los fines para los que se recogieron.<br \/>\nPor lo tanto:<\/p>\n<ul>\n<li>Los datos personales recogidos para fines relacionados con la ejecuci\u00f3n de un contrato entre el Responsable del tratamiento de datos y el usuario se conservar\u00e1n hasta que se complete la ejecuci\u00f3n de este contrato y\/o de las medidas precontractuales;<\/li>\n<li>Los datos personales recogidos para fines relacionados con el inter\u00e9s leg\u00edtimo del Responsable del tratamiento de datos se conservar\u00e1n hasta la satisfacci\u00f3n de este inter\u00e9s;<\/li>\n<li>Los datos personales tratados en base a su consentimiento pueden ser conservados por un per\u00edodo m\u00e1s largo, hasta que se revoque dicho consentimiento.<\/li>\n<\/ul>\n<p>Al final del per\u00edodo de conservaci\u00f3n, que en casos especiales tambi\u00e9n podr\u00eda ser superior a la fecha l\u00edmite establecida por el art. 2220 del cod. civ., los datos personales ser\u00e1n borrados.<\/p>\n<h3>Derechos del interesado<\/h3>\n<p>Como parte interesada, puede ejercer los derechos establecidos por el Reglamento 2016\/679 de la UE con referencia a los datos personales tratados \u200b\u200bpor el Responsable del tratamiento de datos. En particular, tiene derecho a:<\/p>\n<ul>\n<li><strong>retirar el consentimiento en cualquier momento (art\u00edculo 7, p\u00e1rrafo 3 del RGDP).<\/strong>\u00a0Puede revocar el consentimiento expresado \u200b\u200bpreviamente relativo al tratamiento de sus datos personales;<\/li>\n<li><strong>acceder a sus datos (art\u00edculo 15 del RGDP).<\/strong>\u00a0Tiene derecho a obtener informaci\u00f3n sobre los datos tratados \u200b\u200bpor el Responsable del tratamiento de datos, sobre determinados aspectos del tratamiento y a recibir una copia de los datos tratados;<\/li>\n<li><strong>comprobar y solicitar la correcci\u00f3n de sus datos (art\u00edculo 16 del RGDP).<\/strong>\u00a0Puede comprobar la exactitud de sus datos y solicitar la actualizaci\u00f3n o correcci\u00f3n;<\/li>\n<li><strong>obtener la cancelaci\u00f3n o supresi\u00f3n de datos (art\u00edculo 17 del RGDP).<\/strong>\u00a0Cuando se cumplen ciertas condiciones, puede solicitar al Responsable del tratamiento que elimine sus datos;<\/li>\n<li><strong>obtener la limitaci\u00f3n de tratamiento (art\u00edculo 18 del RGDP).<\/strong>\u00a0Cuando se cumplan ciertas condiciones, puede solicitar la limitaci\u00f3n del tratamiento de sus datos;<\/li>\n<li><strong>recibir notificaci\u00f3n en caso de rectificaci\u00f3n, supresi\u00f3n o limitaci\u00f3n de tratamiento (art\u00edculo 19 del RGDP).<\/strong> En caso necesario, el interesado deber\u00e1 recibir una notificaci\u00f3n del Responsable del tratamiento de datos para informarle de la rectificaci\u00f3n, supresi\u00f3n o limitaci\u00f3n del tratamiento;<\/li>\n<li><strong>recibir sus datos o transferirlos a otro Responsable del tratamiento (art\u00edculo 20 del RGDP).<\/strong>\u00a0Tiene derecho a recibir sus datos en un formato estructurado, de uso com\u00fan y lectura mec\u00e1nica y, cuando sea t\u00e9cnicamente posible, obtener su transferencia sin impedimentos a otro Responsable del tratamiento de datos. Esta disposici\u00f3n es aplicable cuando los datos se tratan mediante medios automatizados y el tratamiento se basa en su consentimiento o en un contrato;<\/li>\n<li><strong>presentar una reclamaci\u00f3n (art\u00edculo 77 del RGDP).<\/strong> Puede presentar una reclamaci\u00f3n ante la Autoridad de Protecci\u00f3n de Datos competente: <a href=\"https:\/\/www.garanteprivacy.it\">www.garanteprivacy.it<\/a><\/li>\n<\/ul>\n<h3>Derecho de oposici\u00f3n<\/h3>\n<p>Usted puede oponerse al tratamiento de sus datos personales, cuando \u00e9ste se produzca sobre una base jur\u00eddica  mencionada en el art. 6 par. 1 lett. e) o f), o, si los datos personales se tratan con fines de mercadotecnia directa, Usted tendr\u00e1 derecho a oponerse en todo momento al tratamiento de los datos personales que Le conciernan, efectuado para los fines anteriormente citados, incluida la elaboraci\u00f3n de perfiles en la medida en que est\u00e9 relacionada con la citada mercadotecnia <strong>(art\u00edculo 21 del RGDP)<\/strong>.<\/p>\n<p>Para ejercer sus derechos, Usted puede enviar una solicitud espec\u00edfica en cualquier momento al Responsable del tratamiento de datos a las direcciones indicadas anteriormente.<\/p>\n","protected":false},"excerpt":{"rendered":"<p>Pol\u00edtica de Privacidad conforme al Reglamento General relativo a la Protecci\u00f3n de Datos (Reg. 2016\/679 de la UE) Responsable del Tratamiento de los Datos M.I.V.V. METAL INDUSTRIA VAL VIBRATA S.P.A., con sede en Zona Industrial \u2013 64027 Sant\u2019Omero (TE), correo electr\u00f3nico info@mivv.it, a continuaci\u00f3n \u201cM.I.V.V.\u201d o \u201cResponsable\u201d, en calidad de responsable del tratamiento de los [&hellip;]<\/p>\n","protected":false},"author":4,"featured_media":0,"parent":0,"menu_order":44,"comment_status":"closed","ping_status":"closed","template":"","meta":[],"acf":[],"yoast_head":"<!-- This site is optimized with the Yoast SEO plugin v20.7 - https:\/\/yoast.com\/wordpress\/plugins\/seo\/ -->\n<title>Pol\u00edtica de privacidad - Storm exhausts<\/title>\n<meta name=\"robots\" content=\"noindex, follow\" \/>\n<meta property=\"og:locale\" content=\"es_ES\" \/>\n<meta property=\"og:type\" content=\"article\" \/>\n<meta property=\"og:title\" content=\"Pol\u00edtica de privacidad - Storm exhausts\" \/>\n<meta property=\"og:description\" content=\"Pol\u00edtica de Privacidad conforme al Reglamento General relativo a la Protecci\u00f3n de Datos (Reg. 2016\/679 de la UE) Responsable del Tratamiento de los Datos M.I.V.V. METAL INDUSTRIA VAL VIBRATA S.P.A., con sede en Zona Industrial \u2013 64027 Sant\u2019Omero (TE), correo electr\u00f3nico info@mivv.it, a continuaci\u00f3n \u201cM.I.V.V.\u201d o \u201cResponsable\u201d, en calidad de responsable del tratamiento de los [&hellip;]\" \/>\n<meta property=\"og:url\" content=\"https:\/\/www.stormexhausts.com\/es\/politica-de-privacidad\/\" \/>\n<meta property=\"og:site_name\" content=\"Storm exhausts\" \/>\n<meta property=\"article:modified_time\" content=\"2019-05-22T14:21:48+00:00\" \/>\n<meta name=\"twitter:card\" content=\"summary_large_image\" \/>\n<meta name=\"twitter:label1\" content=\"Tiempo de lectura\" \/>\n\t<meta name=\"twitter:data1\" content=\"6 minutos\" \/>\n<script type=\"application\/ld+json\" class=\"yoast-schema-graph\">{\"@context\":\"https:\/\/schema.org\",\"@graph\":[{\"@type\":\"WebPage\",\"@id\":\"https:\/\/www.stormexhausts.com\/es\/politica-de-privacidad\/\",\"url\":\"https:\/\/www.stormexhausts.com\/es\/politica-de-privacidad\/\",\"name\":\"Pol\u00edtica de privacidad - Storm exhausts\",\"isPartOf\":{\"@id\":\"https:\/\/www.stormexhausts.com\/es\/#website\"},\"datePublished\":\"2016-04-24T22:08:14+00:00\",\"dateModified\":\"2019-05-22T14:21:48+00:00\",\"inLanguage\":\"es\",\"potentialAction\":[{\"@type\":\"ReadAction\",\"target\":[\"https:\/\/www.stormexhausts.com\/es\/politica-de-privacidad\/\"]}]},{\"@type\":\"WebSite\",\"@id\":\"https:\/\/www.stormexhausts.com\/es\/#website\",\"url\":\"https:\/\/www.stormexhausts.com\/es\/\",\"name\":\"Storm exhausts\",\"description\":\"\",\"potentialAction\":[{\"@type\":\"SearchAction\",\"target\":{\"@type\":\"EntryPoint\",\"urlTemplate\":\"https:\/\/www.stormexhausts.com\/es\/?s={search_term_string}\"},\"query-input\":\"required name=search_term_string\"}],\"inLanguage\":\"es\"}]}<\/script>\n<!-- \/ Yoast SEO plugin. -->","yoast_head_json":{"title":"Pol\u00edtica de privacidad - Storm exhausts","robots":{"index":"noindex","follow":"follow"},"og_locale":"es_ES","og_type":"article","og_title":"Pol\u00edtica de privacidad - Storm exhausts","og_description":"Pol\u00edtica de Privacidad conforme al Reglamento General relativo a la Protecci\u00f3n de Datos (Reg. 2016\/679 de la UE) Responsable del Tratamiento de los Datos M.I.V.V. METAL INDUSTRIA VAL VIBRATA S.P.A., con sede en Zona Industrial \u2013 64027 Sant\u2019Omero (TE), correo electr\u00f3nico info@mivv.it, a continuaci\u00f3n \u201cM.I.V.V.\u201d o \u201cResponsable\u201d, en calidad de responsable del tratamiento de los [&hellip;]","og_url":"https:\/\/www.stormexhausts.com\/es\/politica-de-privacidad\/","og_site_name":"Storm exhausts","article_modified_time":"2019-05-22T14:21:48+00:00","twitter_card":"summary_large_image","twitter_misc":{"Tiempo de lectura":"6 minutos"},"schema":{"@context":"https:\/\/schema.org","@graph":[{"@type":"WebPage","@id":"https:\/\/www.stormexhausts.com\/es\/politica-de-privacidad\/","url":"https:\/\/www.stormexhausts.com\/es\/politica-de-privacidad\/","name":"Pol\u00edtica de privacidad - Storm exhausts","isPartOf":{"@id":"https:\/\/www.stormexhausts.com\/es\/#website"},"datePublished":"2016-04-24T22:08:14+00:00","dateModified":"2019-05-22T14:21:48+00:00","inLanguage":"es","potentialAction":[{"@type":"ReadAction","target":["https:\/\/www.stormexhausts.com\/es\/politica-de-privacidad\/"]}]},{"@type":"WebSite","@id":"https:\/\/www.stormexhausts.com\/es\/#website","url":"https:\/\/www.stormexhausts.com\/es\/","name":"Storm exhausts","description":"","potentialAction":[{"@type":"SearchAction","target":{"@type":"EntryPoint","urlTemplate":"https:\/\/www.stormexhausts.com\/es\/?s={search_term_string}"},"query-input":"required name=search_term_string"}],"inLanguage":"es"}]}},"_links":{"self":[{"href":"https:\/\/www.stormexhausts.com\/es\/wp-json\/wp\/v2\/pages\/68557"}],"collection":[{"href":"https:\/\/www.stormexhausts.com\/es\/wp-json\/wp\/v2\/pages"}],"about":[{"href":"https:\/\/www.stormexhausts.com\/es\/wp-json\/wp\/v2\/types\/page"}],"author":[{"embeddable":true,"href":"https:\/\/www.stormexhausts.com\/es\/wp-json\/wp\/v2\/users\/4"}],"replies":[{"embeddable":true,"href":"https:\/\/www.stormexhausts.com\/es\/wp-json\/wp\/v2\/comments?post=68557"}],"version-history":[{"count":0,"href":"https:\/\/www.stormexhausts.com\/es\/wp-json\/wp\/v2\/pages\/68557\/revisions"}],"wp:attachment":[{"href":"https:\/\/www.stormexhausts.com\/es\/wp-json\/wp\/v2\/media?parent=68557"}],"curies":[{"name":"wp","href":"https:\/\/api.w.org\/{rel}","templated":true}]}}