{"id":68556,"date":"2016-09-19T16:09:04","date_gmt":"2016-09-19T14:09:04","guid":{"rendered":"https:\/\/www.stormexhausts.com\/condizioni-duso\/"},"modified":"2019-05-22T16:18:04","modified_gmt":"2019-05-22T14:18:04","slug":"condizioni-duso","status":"publish","type":"page","link":"https:\/\/www.stormexhausts.com\/es\/condizioni-duso\/","title":{"rendered":"Condiciones de utilizaci\u00f3n"},"content":{"rendered":"<h2>Condiciones de utilizaci\u00f3n del sitio web<\/h2>\n<h3>DERECHO DE AUTOR, MARCAS Y OTROS DERECHOS DE PROPIEDAD INTELECTUAL<\/h3>\n<p>Este sitio web en su conjunto, y todo el material que contiene, est\u00e1 protegido por el derecho de autor y por otros derechos de propiedad intelectual. Pod\u00e9is por lo tanto visualizar, imprimir y copiar los contenidos de este sitio web (entre los cuales, solo como ejemplo, textos, im\u00e1genes, animaciones, videos, logotipos y dibujos) \u00fanicamente para finalidades personales de naturaleza no comercial.<\/p>\n<p>Excepto por cuanto aqu\u00ed dispuesto no est\u00e1 permitido usar, modificar, imprimir, mostrar, reproducir, distribuir o publicar las informaciones contenidas en este sitio web sin el consentimiento escrito de la M.I.V.V. METAL INDUSTRIA VAL VIBRATA S.P.A.<\/p>\n<p>Este sitio web puede contener material protegido por derechos de propiedad intelectual de terceros. En estos casos los usos consentidos deber\u00e1n ser comprobados con los titulares o licenciatarios de los relativos derechos, como identificados vez por vez en el sitio web.<\/p>\n<h3>ENLACES E INFORMACIONES DE TERCERAS FUENTES<\/h3>\n<p>Este sitio web puede contener enlaces a otros sitios web (\u00abLinks\u00bb). M.I.V.V. METAL INDUSTRIA VAL VIBRATA S.P.A. no se asume ninguna responsabilidad respecto a los contenidos y a los materiales accesibles en estos sitios o de todos modos, que se puedan obtener gracias a ellos. Todos los enlaces a otros sitios, as\u00ed como cualquier referencia a informaciones provenientes de terceras fuentes, no podr\u00e1n ser considerados como un aval expresado o impl\u00edcito por parte de la M.I.V.V. METAL INDUSTRIA VAL VIBRATA S.P.A.<\/p>\n<p>Preguntas y comentarios relativos a los sitios relacionados con los enlaces deber\u00e1n dirigirse exclusivamente a los administradores de los mismos sitios.<\/p>\n<p>Este sitio web puede contener, adem\u00e1s, informaciones provenientes de terceras fuentes, debidamente indicadas cada vez, a las cuales deber\u00e9is referiros exclusivamente para cualquier cuesti\u00f3n relacionada con su precisi\u00f3n, autenticidad e integridad.<\/p>\n<h3>EXCLUSI\u00d3N DE RESPONSABILIDAD<\/h3>\n<p>El material contenido en este sitio web puede contener informaciones no precisas y errores tipogr\u00e1ficos. M.I.V.V. METAL INDUSTRIA VAL VIBRATA S.P.A. no se asume ninguna responsabilidad respecto a p\u00e9rdidas o da\u00f1os que se originen por la confianza puesta en el sitio web por parte de los usuarios, en relaci\u00f3n con las informaciones contenidas en el mismo. La valoraci\u00f3n independiente de la precisi\u00f3n de las informaciones publicadas en este sitio web queda a cargo y cuidado del usuario. M.I.V.V. METAL INDUSTRIA VAL VIBRATA S.P.A. se reserva el derecho de modificar en cualquier momento el sitio web y sus contenidos sin obligaci\u00f3n de comunicaci\u00f3n alguna, preventiva o sucesiva.<\/p>\n<h3>ACCESOS Y USOS NO AUTORIZADOS DEL SITIO WEB<\/h3>\n<p>Los usuarios del sitio web est\u00e1n autorizados para consultar \u00fanicamente los documentos indicados en los men\u00fas del mismo. Se proh\u00edbe cualquier tentativo no autorizado de superar o saltar las protecciones del sitio web, de utilizar los sistemas que permiten funcionar o est\u00e1n conectados con el sitio web para usos distintos respecto a aquellos para los que est\u00e1n destinados y de impedir el disfrute por parte de los usuarios autorizados, adem\u00e1s de acceder, obtener, destruir, alterar, da\u00f1ar las informaciones contenidas en el mismo o de interferir con estos sistemas. Cualquier acci\u00f3n de este tipo ser\u00e1 se\u00f1alada r\u00e1pidamente a las autoridades competentes y perseguida en todas las sedes competentes civiles y penales seg\u00fan lo establecido por las leyes vigentes y las convenciones internacionales.<\/p>\n<h3>MARCAS<\/h3>\n<p>Las marcas y los \u00ablogotipos\u00bb que son visibles en este sitio web son marcas comerciales registradas o no registradas propiedad de M.I.V.V. METAL INDUSTRIA VAL VIBRATA S.P.A. o de terceros y no pueden ser utilizados para fines publicitarios sin el consentimiento escrito del proprietario de la marca.<\/p>\n<p>Cualquier uso no autorizado de estas marcas o de patentes, tecnolog\u00edas, productos, procesos y\/o otros derechos de propiedad est\u00e1 expresamente prohibido y constituir\u00e1 una violaci\u00f3n del copyright, de la legislaci\u00f3n en materia de marcas y de otros derechos industriales.<\/p>\n<h3>LEGISLACI\u00d3N Y FORO COMPETENTE<\/h3>\n<p>El presente acuerdo est\u00e1 regulado por la Ley Italiana. El usuario acepta la jurisdicci\u00f3n exclusiva del Tribunal de TERAMO para todas las controversias que pudiesen derivar de, o relacionadas con, el uso del presente sitio web o de los servicios ligados al mismo.<\/p>\n<p>El usuario reconoce que el presente acuerdo y el uso del sitio web no dan origen a ninguna relaci\u00f3n (como joint-venture, asociaci\u00f3n, relaci\u00f3n de trabajo, de agencia, etc.) entre el usuario mismo y M.I.V.V. METAL INDUSTRIA VAL VIBRATA S.P.A.<\/p>\n<p>Una versi\u00f3n impresa del presente acuerdo y de cualquier comunicaci\u00f3n otorgada de forma electr\u00f3nica deber\u00e1 ser considerada como prueba admisible en eventuales procedimientos judiciales o administrativos.<\/p>\n<h3>COMPATIBILIDAD<\/h3>\n<p>Para una vista optimal de la p\u00e1gina web, es necesario que Ud. tenga un navegador actualizado y compatible con los nuevos standards web (HTML 5, CSS 3) y un dispositivo (Computer, Smartphone, Tablet) reciente.<\/p>\n<p>Algunas funciones podrian no estar disponibles en browsers o dispositivos menos nuevos y el aspecto de la p\u00e1gina web podria ser diferente.<\/p>\n","protected":false},"excerpt":{"rendered":"<p>Condiciones de utilizaci\u00f3n del sitio web DERECHO DE AUTOR, MARCAS Y OTROS DERECHOS DE PROPIEDAD INTELECTUAL Este sitio web en su conjunto, y todo el material que contiene, est\u00e1 protegido por el derecho de autor y por otros derechos de propiedad intelectual. Pod\u00e9is por lo tanto visualizar, imprimir y copiar los contenidos de este sitio [&hellip;]<\/p>\n","protected":false},"author":4,"featured_media":0,"parent":0,"menu_order":43,"comment_status":"closed","ping_status":"closed","template":"","meta":[],"acf":[],"yoast_head":"<!-- This site is optimized with the Yoast SEO plugin v20.7 - https:\/\/yoast.com\/wordpress\/plugins\/seo\/ -->\n<title>Condiciones de utilizaci\u00f3n - Storm exhausts<\/title>\n<meta name=\"robots\" content=\"noindex, follow\" \/>\n<meta property=\"og:locale\" content=\"es_ES\" \/>\n<meta property=\"og:type\" content=\"article\" \/>\n<meta property=\"og:title\" content=\"Condiciones de utilizaci\u00f3n - Storm exhausts\" \/>\n<meta property=\"og:description\" content=\"Condiciones de utilizaci\u00f3n del sitio web DERECHO DE AUTOR, MARCAS Y OTROS DERECHOS DE PROPIEDAD INTELECTUAL Este sitio web en su conjunto, y todo el material que contiene, est\u00e1 protegido por el derecho de autor y por otros derechos de propiedad intelectual. Pod\u00e9is por lo tanto visualizar, imprimir y copiar los contenidos de este sitio [&hellip;]\" \/>\n<meta property=\"og:url\" content=\"https:\/\/www.stormexhausts.com\/es\/condizioni-duso\/\" \/>\n<meta property=\"og:site_name\" content=\"Storm exhausts\" \/>\n<meta property=\"article:modified_time\" content=\"2019-05-22T14:18:04+00:00\" \/>\n<meta name=\"twitter:card\" content=\"summary_large_image\" \/>\n<meta name=\"twitter:label1\" content=\"Tiempo de lectura\" \/>\n\t<meta name=\"twitter:data1\" content=\"4 minutos\" \/>\n<script type=\"application\/ld+json\" class=\"yoast-schema-graph\">{\"@context\":\"https:\/\/schema.org\",\"@graph\":[{\"@type\":\"WebPage\",\"@id\":\"https:\/\/www.stormexhausts.com\/es\/condizioni-duso\/\",\"url\":\"https:\/\/www.stormexhausts.com\/es\/condizioni-duso\/\",\"name\":\"Condiciones de utilizaci\u00f3n - Storm exhausts\",\"isPartOf\":{\"@id\":\"https:\/\/www.stormexhausts.com\/es\/#website\"},\"datePublished\":\"2016-09-19T14:09:04+00:00\",\"dateModified\":\"2019-05-22T14:18:04+00:00\",\"inLanguage\":\"es\",\"potentialAction\":[{\"@type\":\"ReadAction\",\"target\":[\"https:\/\/www.stormexhausts.com\/es\/condizioni-duso\/\"]}]},{\"@type\":\"WebSite\",\"@id\":\"https:\/\/www.stormexhausts.com\/es\/#website\",\"url\":\"https:\/\/www.stormexhausts.com\/es\/\",\"name\":\"Storm exhausts\",\"description\":\"\",\"potentialAction\":[{\"@type\":\"SearchAction\",\"target\":{\"@type\":\"EntryPoint\",\"urlTemplate\":\"https:\/\/www.stormexhausts.com\/es\/?s={search_term_string}\"},\"query-input\":\"required name=search_term_string\"}],\"inLanguage\":\"es\"}]}<\/script>\n<!-- \/ Yoast SEO plugin. -->","yoast_head_json":{"title":"Condiciones de utilizaci\u00f3n - Storm exhausts","robots":{"index":"noindex","follow":"follow"},"og_locale":"es_ES","og_type":"article","og_title":"Condiciones de utilizaci\u00f3n - Storm exhausts","og_description":"Condiciones de utilizaci\u00f3n del sitio web DERECHO DE AUTOR, MARCAS Y OTROS DERECHOS DE PROPIEDAD INTELECTUAL Este sitio web en su conjunto, y todo el material que contiene, est\u00e1 protegido por el derecho de autor y por otros derechos de propiedad intelectual. Pod\u00e9is por lo tanto visualizar, imprimir y copiar los contenidos de este sitio [&hellip;]","og_url":"https:\/\/www.stormexhausts.com\/es\/condizioni-duso\/","og_site_name":"Storm exhausts","article_modified_time":"2019-05-22T14:18:04+00:00","twitter_card":"summary_large_image","twitter_misc":{"Tiempo de lectura":"4 minutos"},"schema":{"@context":"https:\/\/schema.org","@graph":[{"@type":"WebPage","@id":"https:\/\/www.stormexhausts.com\/es\/condizioni-duso\/","url":"https:\/\/www.stormexhausts.com\/es\/condizioni-duso\/","name":"Condiciones de utilizaci\u00f3n - Storm exhausts","isPartOf":{"@id":"https:\/\/www.stormexhausts.com\/es\/#website"},"datePublished":"2016-09-19T14:09:04+00:00","dateModified":"2019-05-22T14:18:04+00:00","inLanguage":"es","potentialAction":[{"@type":"ReadAction","target":["https:\/\/www.stormexhausts.com\/es\/condizioni-duso\/"]}]},{"@type":"WebSite","@id":"https:\/\/www.stormexhausts.com\/es\/#website","url":"https:\/\/www.stormexhausts.com\/es\/","name":"Storm exhausts","description":"","potentialAction":[{"@type":"SearchAction","target":{"@type":"EntryPoint","urlTemplate":"https:\/\/www.stormexhausts.com\/es\/?s={search_term_string}"},"query-input":"required name=search_term_string"}],"inLanguage":"es"}]}},"_links":{"self":[{"href":"https:\/\/www.stormexhausts.com\/es\/wp-json\/wp\/v2\/pages\/68556"}],"collection":[{"href":"https:\/\/www.stormexhausts.com\/es\/wp-json\/wp\/v2\/pages"}],"about":[{"href":"https:\/\/www.stormexhausts.com\/es\/wp-json\/wp\/v2\/types\/page"}],"author":[{"embeddable":true,"href":"https:\/\/www.stormexhausts.com\/es\/wp-json\/wp\/v2\/users\/4"}],"replies":[{"embeddable":true,"href":"https:\/\/www.stormexhausts.com\/es\/wp-json\/wp\/v2\/comments?post=68556"}],"version-history":[{"count":0,"href":"https:\/\/www.stormexhausts.com\/es\/wp-json\/wp\/v2\/pages\/68556\/revisions"}],"wp:attachment":[{"href":"https:\/\/www.stormexhausts.com\/es\/wp-json\/wp\/v2\/media?parent=68556"}],"curies":[{"name":"wp","href":"https:\/\/api.w.org\/{rel}","templated":true}]}}