{"id":68555,"date":"2016-04-25T00:11:47","date_gmt":"2016-04-24T22:11:47","guid":{"rendered":"https:\/\/www.stormexhausts.com\/note-legali\/"},"modified":"2019-05-22T15:58:23","modified_gmt":"2019-05-22T13:58:23","slug":"nota-legal","status":"publish","type":"page","link":"https:\/\/www.stormexhausts.com\/es\/nota-legal\/","title":{"rendered":"Nota legal"},"content":{"rendered":"<p>Todos los contenidos de este sitio web son de propiedad exclusiva de M.I.V.V. METAL INDUSTRIA VAL VIBRATA S.P.A.<\/p>\n<p>Seg\u00fan el art. 1, apartado 1 del decreto-ley del 22 de marzo de 2004, n. 72, como modificado por la ley de conversi\u00f3n del 21 de mayo de 2004 n. 128, las obras presentes en el sitio internet www.mivv.com han cumplido con las obligaciones que derivan de la normativa sobre derechos de autor y sobre los derechos relativos. La reproducci\u00f3n, la comunicaci\u00f3n al p\u00fablico, la puesta a disposici\u00f3n del p\u00fablico, el alquiler y el pr\u00e9stamo, la ejecuci\u00f3n p\u00fablica, la distribuci\u00f3n y la difusi\u00f3n sin la autorizaci\u00f3n del titular de los derechos est\u00e1n prohibidos.<\/p>\n<p>A las infracciones se les aplican las sanciones previstas por los art. 171, 171-bis, 171-ter, 174-bis e 174-ter de la ley 633\/1941.<\/p>\n<p>M.I.V.V. METAL INDUSTRIA VAL VIBRATA S.P.A. no se asume ninguna responsabilidad por eventuales errores u omisiones que se puedan encontrar en la presente publicaci\u00f3n.<\/p>\n<p>Marcas de f\u00e1brica, nombres y logotipos contenidos en el sitio pertenecen a sus respectivos propietarios.<\/p>\n","protected":false},"excerpt":{"rendered":"<p>Todos los contenidos de este sitio web son de propiedad exclusiva de M.I.V.V. METAL INDUSTRIA VAL VIBRATA S.P.A. Seg\u00fan el art. 1, apartado 1 del decreto-ley del 22 de marzo de 2004, n. 72, como modificado por la ley de conversi\u00f3n del 21 de mayo de 2004 n. 128, las obras presentes en el sitio [&hellip;]<\/p>\n","protected":false},"author":4,"featured_media":0,"parent":0,"menu_order":37,"comment_status":"closed","ping_status":"closed","template":"","meta":[],"acf":[],"yoast_head":"<!-- This site is optimized with the Yoast SEO plugin v20.7 - https:\/\/yoast.com\/wordpress\/plugins\/seo\/ -->\n<title>Nota legal - Storm exhausts<\/title>\n<meta name=\"robots\" content=\"noindex, follow\" \/>\n<meta property=\"og:locale\" content=\"es_ES\" \/>\n<meta property=\"og:type\" content=\"article\" \/>\n<meta property=\"og:title\" content=\"Nota legal - Storm exhausts\" \/>\n<meta property=\"og:description\" content=\"Todos los contenidos de este sitio web son de propiedad exclusiva de M.I.V.V. METAL INDUSTRIA VAL VIBRATA S.P.A. Seg\u00fan el art. 1, apartado 1 del decreto-ley del 22 de marzo de 2004, n. 72, como modificado por la ley de conversi\u00f3n del 21 de mayo de 2004 n. 128, las obras presentes en el sitio [&hellip;]\" \/>\n<meta property=\"og:url\" content=\"https:\/\/www.stormexhausts.com\/es\/nota-legal\/\" \/>\n<meta property=\"og:site_name\" content=\"Storm exhausts\" \/>\n<meta property=\"article:modified_time\" content=\"2019-05-22T13:58:23+00:00\" \/>\n<meta name=\"twitter:card\" content=\"summary_large_image\" \/>\n<meta name=\"twitter:label1\" content=\"Tiempo de lectura\" \/>\n\t<meta name=\"twitter:data1\" content=\"1 minuto\" \/>\n<script type=\"application\/ld+json\" class=\"yoast-schema-graph\">{\"@context\":\"https:\/\/schema.org\",\"@graph\":[{\"@type\":\"WebPage\",\"@id\":\"https:\/\/www.stormexhausts.com\/es\/nota-legal\/\",\"url\":\"https:\/\/www.stormexhausts.com\/es\/nota-legal\/\",\"name\":\"Nota legal - Storm exhausts\",\"isPartOf\":{\"@id\":\"https:\/\/www.stormexhausts.com\/es\/#website\"},\"datePublished\":\"2016-04-24T22:11:47+00:00\",\"dateModified\":\"2019-05-22T13:58:23+00:00\",\"inLanguage\":\"es\",\"potentialAction\":[{\"@type\":\"ReadAction\",\"target\":[\"https:\/\/www.stormexhausts.com\/es\/nota-legal\/\"]}]},{\"@type\":\"WebSite\",\"@id\":\"https:\/\/www.stormexhausts.com\/es\/#website\",\"url\":\"https:\/\/www.stormexhausts.com\/es\/\",\"name\":\"Storm exhausts\",\"description\":\"\",\"potentialAction\":[{\"@type\":\"SearchAction\",\"target\":{\"@type\":\"EntryPoint\",\"urlTemplate\":\"https:\/\/www.stormexhausts.com\/es\/?s={search_term_string}\"},\"query-input\":\"required name=search_term_string\"}],\"inLanguage\":\"es\"}]}<\/script>\n<!-- \/ Yoast SEO plugin. -->","yoast_head_json":{"title":"Nota legal - Storm exhausts","robots":{"index":"noindex","follow":"follow"},"og_locale":"es_ES","og_type":"article","og_title":"Nota legal - Storm exhausts","og_description":"Todos los contenidos de este sitio web son de propiedad exclusiva de M.I.V.V. METAL INDUSTRIA VAL VIBRATA S.P.A. Seg\u00fan el art. 1, apartado 1 del decreto-ley del 22 de marzo de 2004, n. 72, como modificado por la ley de conversi\u00f3n del 21 de mayo de 2004 n. 128, las obras presentes en el sitio [&hellip;]","og_url":"https:\/\/www.stormexhausts.com\/es\/nota-legal\/","og_site_name":"Storm exhausts","article_modified_time":"2019-05-22T13:58:23+00:00","twitter_card":"summary_large_image","twitter_misc":{"Tiempo de lectura":"1 minuto"},"schema":{"@context":"https:\/\/schema.org","@graph":[{"@type":"WebPage","@id":"https:\/\/www.stormexhausts.com\/es\/nota-legal\/","url":"https:\/\/www.stormexhausts.com\/es\/nota-legal\/","name":"Nota legal - Storm exhausts","isPartOf":{"@id":"https:\/\/www.stormexhausts.com\/es\/#website"},"datePublished":"2016-04-24T22:11:47+00:00","dateModified":"2019-05-22T13:58:23+00:00","inLanguage":"es","potentialAction":[{"@type":"ReadAction","target":["https:\/\/www.stormexhausts.com\/es\/nota-legal\/"]}]},{"@type":"WebSite","@id":"https:\/\/www.stormexhausts.com\/es\/#website","url":"https:\/\/www.stormexhausts.com\/es\/","name":"Storm exhausts","description":"","potentialAction":[{"@type":"SearchAction","target":{"@type":"EntryPoint","urlTemplate":"https:\/\/www.stormexhausts.com\/es\/?s={search_term_string}"},"query-input":"required name=search_term_string"}],"inLanguage":"es"}]}},"_links":{"self":[{"href":"https:\/\/www.stormexhausts.com\/es\/wp-json\/wp\/v2\/pages\/68555"}],"collection":[{"href":"https:\/\/www.stormexhausts.com\/es\/wp-json\/wp\/v2\/pages"}],"about":[{"href":"https:\/\/www.stormexhausts.com\/es\/wp-json\/wp\/v2\/types\/page"}],"author":[{"embeddable":true,"href":"https:\/\/www.stormexhausts.com\/es\/wp-json\/wp\/v2\/users\/4"}],"replies":[{"embeddable":true,"href":"https:\/\/www.stormexhausts.com\/es\/wp-json\/wp\/v2\/comments?post=68555"}],"version-history":[{"count":0,"href":"https:\/\/www.stormexhausts.com\/es\/wp-json\/wp\/v2\/pages\/68555\/revisions"}],"wp:attachment":[{"href":"https:\/\/www.stormexhausts.com\/es\/wp-json\/wp\/v2\/media?parent=68555"}],"curies":[{"name":"wp","href":"https:\/\/api.w.org\/{rel}","templated":true}]}}