{"id":68553,"date":"2016-04-27T00:06:08","date_gmt":"2016-04-26T22:06:08","guid":{"rendered":"https:\/\/www.stormexhausts.com\/cerca-distributore\/"},"modified":"2019-05-22T15:55:56","modified_gmt":"2019-05-22T13:55:56","slug":"busqueda-de-distribuidores","status":"publish","type":"page","link":"https:\/\/www.stormexhausts.com\/es\/busqueda-de-distribuidores\/","title":{"rendered":"B\u00fasqueda de distribuidores"},"content":{"rendered":"","protected":false},"excerpt":{"rendered":"","protected":false},"author":4,"featured_media":0,"parent":0,"menu_order":35,"comment_status":"closed","ping_status":"closed","template":"templates\/page-rete-vendita.php","meta":[],"acf":[],"yoast_head":"<!-- This site is optimized with the Yoast SEO plugin v20.7 - https:\/\/yoast.com\/wordpress\/plugins\/seo\/ -->\n<title>B\u00fasqueda de distribuidores - Storm exhausts<\/title>\n<meta name=\"description\" content=\"Los productos Storm se distribuyen en m\u00e1s de 35 pa\u00edses de todo el mundo: busque la direcci\u00f3n del distribuidor m\u00e1s cercano.\" \/>\n<meta name=\"robots\" content=\"index, follow, max-snippet:-1, max-image-preview:large, max-video-preview:-1\" \/>\n<link rel=\"canonical\" href=\"https:\/\/www.stormexhausts.com\/es\/busqueda-de-distribuidores\/\" \/>\n<meta property=\"og:locale\" content=\"es_ES\" \/>\n<meta property=\"og:type\" content=\"article\" \/>\n<meta property=\"og:title\" content=\"B\u00fasqueda de distribuidores - Storm exhausts\" \/>\n<meta property=\"og:description\" content=\"Los productos Storm se distribuyen en m\u00e1s de 35 pa\u00edses de todo el mundo: busque la direcci\u00f3n del distribuidor m\u00e1s cercano.\" \/>\n<meta property=\"og:url\" content=\"https:\/\/www.stormexhausts.com\/es\/busqueda-de-distribuidores\/\" \/>\n<meta property=\"og:site_name\" content=\"Storm exhausts\" \/>\n<meta property=\"article:modified_time\" content=\"2019-05-22T13:55:56+00:00\" \/>\n<meta name=\"twitter:card\" content=\"summary_large_image\" \/>\n<script type=\"application\/ld+json\" class=\"yoast-schema-graph\">{\"@context\":\"https:\/\/schema.org\",\"@graph\":[{\"@type\":\"WebPage\",\"@id\":\"https:\/\/www.stormexhausts.com\/es\/busqueda-de-distribuidores\/\",\"url\":\"https:\/\/www.stormexhausts.com\/es\/busqueda-de-distribuidores\/\",\"name\":\"B\u00fasqueda de distribuidores - Storm exhausts\",\"isPartOf\":{\"@id\":\"https:\/\/www.stormexhausts.com\/es\/#website\"},\"datePublished\":\"2016-04-26T22:06:08+00:00\",\"dateModified\":\"2019-05-22T13:55:56+00:00\",\"description\":\"Los productos Storm se distribuyen en m\u00e1s de 35 pa\u00edses de todo el mundo: busque la direcci\u00f3n del distribuidor m\u00e1s cercano.\",\"inLanguage\":\"es\",\"potentialAction\":[{\"@type\":\"ReadAction\",\"target\":[\"https:\/\/www.stormexhausts.com\/es\/busqueda-de-distribuidores\/\"]}]},{\"@type\":\"WebSite\",\"@id\":\"https:\/\/www.stormexhausts.com\/es\/#website\",\"url\":\"https:\/\/www.stormexhausts.com\/es\/\",\"name\":\"Storm exhausts\",\"description\":\"\",\"potentialAction\":[{\"@type\":\"SearchAction\",\"target\":{\"@type\":\"EntryPoint\",\"urlTemplate\":\"https:\/\/www.stormexhausts.com\/es\/?s={search_term_string}\"},\"query-input\":\"required name=search_term_string\"}],\"inLanguage\":\"es\"}]}<\/script>\n<!-- \/ Yoast SEO plugin. -->","yoast_head_json":{"title":"B\u00fasqueda de distribuidores - Storm exhausts","description":"Los productos Storm se distribuyen en m\u00e1s de 35 pa\u00edses de todo el mundo: busque la direcci\u00f3n del distribuidor m\u00e1s cercano.","robots":{"index":"index","follow":"follow","max-snippet":"max-snippet:-1","max-image-preview":"max-image-preview:large","max-video-preview":"max-video-preview:-1"},"canonical":"https:\/\/www.stormexhausts.com\/es\/busqueda-de-distribuidores\/","og_locale":"es_ES","og_type":"article","og_title":"B\u00fasqueda de distribuidores - Storm exhausts","og_description":"Los productos Storm se distribuyen en m\u00e1s de 35 pa\u00edses de todo el mundo: busque la direcci\u00f3n del distribuidor m\u00e1s cercano.","og_url":"https:\/\/www.stormexhausts.com\/es\/busqueda-de-distribuidores\/","og_site_name":"Storm exhausts","article_modified_time":"2019-05-22T13:55:56+00:00","twitter_card":"summary_large_image","schema":{"@context":"https:\/\/schema.org","@graph":[{"@type":"WebPage","@id":"https:\/\/www.stormexhausts.com\/es\/busqueda-de-distribuidores\/","url":"https:\/\/www.stormexhausts.com\/es\/busqueda-de-distribuidores\/","name":"B\u00fasqueda de distribuidores - Storm exhausts","isPartOf":{"@id":"https:\/\/www.stormexhausts.com\/es\/#website"},"datePublished":"2016-04-26T22:06:08+00:00","dateModified":"2019-05-22T13:55:56+00:00","description":"Los productos Storm se distribuyen en m\u00e1s de 35 pa\u00edses de todo el mundo: busque la direcci\u00f3n del distribuidor m\u00e1s cercano.","inLanguage":"es","potentialAction":[{"@type":"ReadAction","target":["https:\/\/www.stormexhausts.com\/es\/busqueda-de-distribuidores\/"]}]},{"@type":"WebSite","@id":"https:\/\/www.stormexhausts.com\/es\/#website","url":"https:\/\/www.stormexhausts.com\/es\/","name":"Storm exhausts","description":"","potentialAction":[{"@type":"SearchAction","target":{"@type":"EntryPoint","urlTemplate":"https:\/\/www.stormexhausts.com\/es\/?s={search_term_string}"},"query-input":"required name=search_term_string"}],"inLanguage":"es"}]}},"_links":{"self":[{"href":"https:\/\/www.stormexhausts.com\/es\/wp-json\/wp\/v2\/pages\/68553"}],"collection":[{"href":"https:\/\/www.stormexhausts.com\/es\/wp-json\/wp\/v2\/pages"}],"about":[{"href":"https:\/\/www.stormexhausts.com\/es\/wp-json\/wp\/v2\/types\/page"}],"author":[{"embeddable":true,"href":"https:\/\/www.stormexhausts.com\/es\/wp-json\/wp\/v2\/users\/4"}],"replies":[{"embeddable":true,"href":"https:\/\/www.stormexhausts.com\/es\/wp-json\/wp\/v2\/comments?post=68553"}],"version-history":[{"count":0,"href":"https:\/\/www.stormexhausts.com\/es\/wp-json\/wp\/v2\/pages\/68553\/revisions"}],"wp:attachment":[{"href":"https:\/\/www.stormexhausts.com\/es\/wp-json\/wp\/v2\/media?parent=68553"}],"curies":[{"name":"wp","href":"https:\/\/api.w.org\/{rel}","templated":true}]}}