{"id":68538,"date":"2015-11-30T23:42:54","date_gmt":"2015-11-30T22:42:54","guid":{"rendered":"https:\/\/www.stormexhausts.com\/scarichi-moto\/"},"modified":"2019-05-22T15:09:07","modified_gmt":"2019-05-22T13:09:07","slug":"escapes-moto","status":"publish","type":"page","link":"https:\/\/www.stormexhausts.com\/es\/escapes-moto\/","title":{"rendered":"Escapes moto"},"content":{"rendered":"<p><strong>Los sistemas de escape Storm<\/strong> han sido proyectados en el de nuestro departamento interno de I+D de MIVV, seleccionando los <strong>materiales<\/strong> mas correctos y en continuos <strong>test<\/strong> de calidad.<br \/>\nDe este proceso nacen los silenciadores capaces de garantizar las <strong>m\u00e1ximas prestaciones<\/strong> con un <strong>sonido \u00fanico.<\/strong><\/p>\n","protected":false},"excerpt":{"rendered":"<p>Los sistemas de escape Storm han sido proyectados en el de nuestro departamento interno de I+D de MIVV, seleccionando los materiales mas correctos y en continuos test de calidad. De este proceso nacen los silenciadores capaces de garantizar las m\u00e1ximas prestaciones con un sonido \u00fanico.<\/p>\n","protected":false},"author":4,"featured_media":0,"parent":0,"menu_order":21,"comment_status":"closed","ping_status":"closed","template":"templates\/page-mondo.php","meta":[],"acf":[],"yoast_head":"<!-- This site is optimized with the Yoast SEO plugin v20.7 - https:\/\/yoast.com\/wordpress\/plugins\/seo\/ -->\n<title>Escapes moto - Mivv<\/title>\n<meta name=\"description\" content=\"Los escapes para motocicletas Storm est\u00e1n dise\u00f1ados en el departamento de Investigaci\u00f3n y Desarrollo de Mivv: as\u00ed es como se crean productos con el m\u00e1ximo rendimiento y un sonido \u00fanico.\" \/>\n<meta name=\"robots\" content=\"index, follow, max-snippet:-1, max-image-preview:large, max-video-preview:-1\" \/>\n<link rel=\"canonical\" href=\"https:\/\/www.stormexhausts.com\/es\/escapes-moto\/\" \/>\n<meta property=\"og:locale\" content=\"es_ES\" \/>\n<meta property=\"og:type\" content=\"article\" \/>\n<meta property=\"og:title\" content=\"Escapes moto - Mivv\" \/>\n<meta property=\"og:description\" content=\"Los escapes para motocicletas Storm est\u00e1n dise\u00f1ados en el departamento de Investigaci\u00f3n y Desarrollo de Mivv: as\u00ed es como se crean productos con el m\u00e1ximo rendimiento y un sonido \u00fanico.\" \/>\n<meta property=\"og:url\" content=\"https:\/\/www.stormexhausts.com\/es\/escapes-moto\/\" \/>\n<meta property=\"og:site_name\" content=\"Storm exhausts\" \/>\n<meta property=\"article:modified_time\" content=\"2019-05-22T13:09:07+00:00\" \/>\n<meta name=\"twitter:card\" content=\"summary_large_image\" \/>\n<script type=\"application\/ld+json\" class=\"yoast-schema-graph\">{\"@context\":\"https:\/\/schema.org\",\"@graph\":[{\"@type\":\"WebPage\",\"@id\":\"https:\/\/www.stormexhausts.com\/es\/escapes-moto\/\",\"url\":\"https:\/\/www.stormexhausts.com\/es\/escapes-moto\/\",\"name\":\"Escapes moto - Mivv\",\"isPartOf\":{\"@id\":\"https:\/\/www.stormexhausts.com\/es\/#website\"},\"datePublished\":\"2015-11-30T22:42:54+00:00\",\"dateModified\":\"2019-05-22T13:09:07+00:00\",\"description\":\"Los escapes para motocicletas Storm est\u00e1n dise\u00f1ados en el departamento de Investigaci\u00f3n y Desarrollo de Mivv: as\u00ed es como se crean productos con el m\u00e1ximo rendimiento y un sonido \u00fanico.\",\"inLanguage\":\"es\",\"potentialAction\":[{\"@type\":\"ReadAction\",\"target\":[\"https:\/\/www.stormexhausts.com\/es\/escapes-moto\/\"]}]},{\"@type\":\"WebSite\",\"@id\":\"https:\/\/www.stormexhausts.com\/es\/#website\",\"url\":\"https:\/\/www.stormexhausts.com\/es\/\",\"name\":\"Storm exhausts\",\"description\":\"\",\"potentialAction\":[{\"@type\":\"SearchAction\",\"target\":{\"@type\":\"EntryPoint\",\"urlTemplate\":\"https:\/\/www.stormexhausts.com\/es\/?s={search_term_string}\"},\"query-input\":\"required name=search_term_string\"}],\"inLanguage\":\"es\"}]}<\/script>\n<!-- \/ Yoast SEO plugin. -->","yoast_head_json":{"title":"Escapes moto - Mivv","description":"Los escapes para motocicletas Storm est\u00e1n dise\u00f1ados en el departamento de Investigaci\u00f3n y Desarrollo de Mivv: as\u00ed es como se crean productos con el m\u00e1ximo rendimiento y un sonido \u00fanico.","robots":{"index":"index","follow":"follow","max-snippet":"max-snippet:-1","max-image-preview":"max-image-preview:large","max-video-preview":"max-video-preview:-1"},"canonical":"https:\/\/www.stormexhausts.com\/es\/escapes-moto\/","og_locale":"es_ES","og_type":"article","og_title":"Escapes moto - Mivv","og_description":"Los escapes para motocicletas Storm est\u00e1n dise\u00f1ados en el departamento de Investigaci\u00f3n y Desarrollo de Mivv: as\u00ed es como se crean productos con el m\u00e1ximo rendimiento y un sonido \u00fanico.","og_url":"https:\/\/www.stormexhausts.com\/es\/escapes-moto\/","og_site_name":"Storm exhausts","article_modified_time":"2019-05-22T13:09:07+00:00","twitter_card":"summary_large_image","schema":{"@context":"https:\/\/schema.org","@graph":[{"@type":"WebPage","@id":"https:\/\/www.stormexhausts.com\/es\/escapes-moto\/","url":"https:\/\/www.stormexhausts.com\/es\/escapes-moto\/","name":"Escapes moto - Mivv","isPartOf":{"@id":"https:\/\/www.stormexhausts.com\/es\/#website"},"datePublished":"2015-11-30T22:42:54+00:00","dateModified":"2019-05-22T13:09:07+00:00","description":"Los escapes para motocicletas Storm est\u00e1n dise\u00f1ados en el departamento de Investigaci\u00f3n y Desarrollo de Mivv: as\u00ed es como se crean productos con el m\u00e1ximo rendimiento y un sonido \u00fanico.","inLanguage":"es","potentialAction":[{"@type":"ReadAction","target":["https:\/\/www.stormexhausts.com\/es\/escapes-moto\/"]}]},{"@type":"WebSite","@id":"https:\/\/www.stormexhausts.com\/es\/#website","url":"https:\/\/www.stormexhausts.com\/es\/","name":"Storm exhausts","description":"","potentialAction":[{"@type":"SearchAction","target":{"@type":"EntryPoint","urlTemplate":"https:\/\/www.stormexhausts.com\/es\/?s={search_term_string}"},"query-input":"required name=search_term_string"}],"inLanguage":"es"}]}},"_links":{"self":[{"href":"https:\/\/www.stormexhausts.com\/es\/wp-json\/wp\/v2\/pages\/68538"}],"collection":[{"href":"https:\/\/www.stormexhausts.com\/es\/wp-json\/wp\/v2\/pages"}],"about":[{"href":"https:\/\/www.stormexhausts.com\/es\/wp-json\/wp\/v2\/types\/page"}],"author":[{"embeddable":true,"href":"https:\/\/www.stormexhausts.com\/es\/wp-json\/wp\/v2\/users\/4"}],"replies":[{"embeddable":true,"href":"https:\/\/www.stormexhausts.com\/es\/wp-json\/wp\/v2\/comments?post=68538"}],"version-history":[{"count":0,"href":"https:\/\/www.stormexhausts.com\/es\/wp-json\/wp\/v2\/pages\/68538\/revisions"}],"wp:attachment":[{"href":"https:\/\/www.stormexhausts.com\/es\/wp-json\/wp\/v2\/media?parent=68538"}],"curies":[{"name":"wp","href":"https:\/\/api.w.org\/{rel}","templated":true}]}}