{"id":68533,"date":"2015-11-20T01:37:50","date_gmt":"2015-11-20T00:37:50","guid":{"rendered":"https:\/\/www.stormexhausts.com\/contatti\/"},"modified":"2024-07-25T12:53:26","modified_gmt":"2024-07-25T10:53:26","slug":"contatti","status":"publish","type":"page","link":"https:\/\/www.stormexhausts.com\/es\/contatti\/","title":{"rendered":"Contactos"},"content":{"rendered":"<p><strong>Storm Racing Parts<br \/>\n\u00e8 un marchio di MIVV Spa<\/strong><br \/>\nZona Industriale<br \/>\n64027 Sant&#8217;Omero (TE)<br \/>\nAbruzzo &#8211; Italia<br \/>\nP.IVA: 00061290672<\/p>\n<p>Tel. <a class=\"strong-500 red\" href=\"tel:+39086181201\">+39 0861 81201<\/a><br \/>\nFax <span class=\"strong-500 red\">+39 0861 8120240<\/span><br \/>\nSito web: <a class=\"strong-500 red\" href=\"https:\/\/www.stormexhausts.com\">www.stormexhausts.com<\/a><br \/>\nEmail: <a class=\"strong-500 red\" href=\"mailto:customerservice@stormexhausts.com\">customerservice@stormexhausts.com<\/a><\/p>\n<p>OFICINA DE IMPRESI\u00d3N<br \/>\nSi desea recibir m\u00e1s informaci\u00f3n sobre un art\u00edculo o un servicio period\u00edstico en particular, escriba a\u00a0<a class=\"strong-500 red\" href=\"mailto:press@stormexhausts.com\">press@stormexhausts.com<\/a><\/p>\n","protected":false},"excerpt":{"rendered":"<p>Storm Racing Parts \u00e8 un marchio di MIVV Spa Zona Industriale 64027 Sant&#8217;Omero (TE) Abruzzo &#8211; Italia P.IVA: 00061290672 Tel. +39 0861 81201 Fax +39 0861 8120240 Sito web: www.stormexhausts.com Email: customerservice@stormexhausts.com OFICINA DE IMPRESI\u00d3N Si desea recibir m\u00e1s informaci\u00f3n sobre un art\u00edculo o un servicio period\u00edstico en particular, escriba a\u00a0press@stormexhausts.com<\/p>\n","protected":false},"author":4,"featured_media":0,"parent":0,"menu_order":13,"comment_status":"closed","ping_status":"closed","template":"templates\/page-contacts.php","meta":[],"acf":[],"yoast_head":"<!-- This site is optimized with the Yoast SEO plugin v20.7 - https:\/\/yoast.com\/wordpress\/plugins\/seo\/ -->\n<title>Contactos - Storm exhausts<\/title>\n<meta name=\"description\" content=\"Storm es una marca comercial de Mivv spa. Nuestra sede se encuentra en Sant&#039;Omero, Abruzzo. Vea c\u00f3mo ponerse en contacto con nosotros.\" \/>\n<meta name=\"robots\" content=\"index, follow, max-snippet:-1, max-image-preview:large, max-video-preview:-1\" \/>\n<link rel=\"canonical\" href=\"https:\/\/www.stormexhausts.com\/es\/contatti\/\" \/>\n<meta property=\"og:locale\" content=\"es_ES\" \/>\n<meta property=\"og:type\" content=\"article\" \/>\n<meta property=\"og:title\" content=\"Contactos - Storm exhausts\" \/>\n<meta property=\"og:description\" content=\"Storm es una marca comercial de Mivv spa. Nuestra sede se encuentra en Sant&#039;Omero, Abruzzo. Vea c\u00f3mo ponerse en contacto con nosotros.\" \/>\n<meta property=\"og:url\" content=\"https:\/\/www.stormexhausts.com\/es\/contatti\/\" \/>\n<meta property=\"og:site_name\" content=\"Storm exhausts\" \/>\n<meta property=\"article:modified_time\" content=\"2024-07-25T10:53:26+00:00\" \/>\n<meta name=\"twitter:card\" content=\"summary_large_image\" \/>\n<meta name=\"twitter:label1\" content=\"Tiempo de lectura\" \/>\n\t<meta name=\"twitter:data1\" content=\"1 minuto\" \/>\n<script type=\"application\/ld+json\" class=\"yoast-schema-graph\">{\"@context\":\"https:\/\/schema.org\",\"@graph\":[{\"@type\":\"WebPage\",\"@id\":\"https:\/\/www.stormexhausts.com\/es\/contatti\/\",\"url\":\"https:\/\/www.stormexhausts.com\/es\/contatti\/\",\"name\":\"Contactos - Storm exhausts\",\"isPartOf\":{\"@id\":\"https:\/\/www.stormexhausts.com\/es\/#website\"},\"datePublished\":\"2015-11-20T00:37:50+00:00\",\"dateModified\":\"2024-07-25T10:53:26+00:00\",\"description\":\"Storm es una marca comercial de Mivv spa. Nuestra sede se encuentra en Sant'Omero, Abruzzo. Vea c\u00f3mo ponerse en contacto con nosotros.\",\"inLanguage\":\"es\",\"potentialAction\":[{\"@type\":\"ReadAction\",\"target\":[\"https:\/\/www.stormexhausts.com\/es\/contatti\/\"]}]},{\"@type\":\"WebSite\",\"@id\":\"https:\/\/www.stormexhausts.com\/es\/#website\",\"url\":\"https:\/\/www.stormexhausts.com\/es\/\",\"name\":\"Storm exhausts\",\"description\":\"\",\"potentialAction\":[{\"@type\":\"SearchAction\",\"target\":{\"@type\":\"EntryPoint\",\"urlTemplate\":\"https:\/\/www.stormexhausts.com\/es\/?s={search_term_string}\"},\"query-input\":\"required name=search_term_string\"}],\"inLanguage\":\"es\"}]}<\/script>\n<!-- \/ Yoast SEO plugin. -->","yoast_head_json":{"title":"Contactos - Storm exhausts","description":"Storm es una marca comercial de Mivv spa. Nuestra sede se encuentra en Sant'Omero, Abruzzo. Vea c\u00f3mo ponerse en contacto con nosotros.","robots":{"index":"index","follow":"follow","max-snippet":"max-snippet:-1","max-image-preview":"max-image-preview:large","max-video-preview":"max-video-preview:-1"},"canonical":"https:\/\/www.stormexhausts.com\/es\/contatti\/","og_locale":"es_ES","og_type":"article","og_title":"Contactos - Storm exhausts","og_description":"Storm es una marca comercial de Mivv spa. Nuestra sede se encuentra en Sant'Omero, Abruzzo. Vea c\u00f3mo ponerse en contacto con nosotros.","og_url":"https:\/\/www.stormexhausts.com\/es\/contatti\/","og_site_name":"Storm exhausts","article_modified_time":"2024-07-25T10:53:26+00:00","twitter_card":"summary_large_image","twitter_misc":{"Tiempo de lectura":"1 minuto"},"schema":{"@context":"https:\/\/schema.org","@graph":[{"@type":"WebPage","@id":"https:\/\/www.stormexhausts.com\/es\/contatti\/","url":"https:\/\/www.stormexhausts.com\/es\/contatti\/","name":"Contactos - Storm exhausts","isPartOf":{"@id":"https:\/\/www.stormexhausts.com\/es\/#website"},"datePublished":"2015-11-20T00:37:50+00:00","dateModified":"2024-07-25T10:53:26+00:00","description":"Storm es una marca comercial de Mivv spa. Nuestra sede se encuentra en Sant'Omero, Abruzzo. Vea c\u00f3mo ponerse en contacto con nosotros.","inLanguage":"es","potentialAction":[{"@type":"ReadAction","target":["https:\/\/www.stormexhausts.com\/es\/contatti\/"]}]},{"@type":"WebSite","@id":"https:\/\/www.stormexhausts.com\/es\/#website","url":"https:\/\/www.stormexhausts.com\/es\/","name":"Storm exhausts","description":"","potentialAction":[{"@type":"SearchAction","target":{"@type":"EntryPoint","urlTemplate":"https:\/\/www.stormexhausts.com\/es\/?s={search_term_string}"},"query-input":"required name=search_term_string"}],"inLanguage":"es"}]}},"_links":{"self":[{"href":"https:\/\/www.stormexhausts.com\/es\/wp-json\/wp\/v2\/pages\/68533"}],"collection":[{"href":"https:\/\/www.stormexhausts.com\/es\/wp-json\/wp\/v2\/pages"}],"about":[{"href":"https:\/\/www.stormexhausts.com\/es\/wp-json\/wp\/v2\/types\/page"}],"author":[{"embeddable":true,"href":"https:\/\/www.stormexhausts.com\/es\/wp-json\/wp\/v2\/users\/4"}],"replies":[{"embeddable":true,"href":"https:\/\/www.stormexhausts.com\/es\/wp-json\/wp\/v2\/comments?post=68533"}],"version-history":[{"count":1,"href":"https:\/\/www.stormexhausts.com\/es\/wp-json\/wp\/v2\/pages\/68533\/revisions"}],"predecessor-version":[{"id":80949,"href":"https:\/\/www.stormexhausts.com\/es\/wp-json\/wp\/v2\/pages\/68533\/revisions\/80949"}],"wp:attachment":[{"href":"https:\/\/www.stormexhausts.com\/es\/wp-json\/wp\/v2\/media?parent=68533"}],"curies":[{"name":"wp","href":"https:\/\/api.w.org\/{rel}","templated":true}]}}